{"id":1492,"date":"2014-10-06T13:35:34","date_gmt":"2014-10-06T10:35:34","guid":{"rendered":"http:\/\/ibl.bas.bg\/?page_id=1492"},"modified":"2014-10-06T13:35:34","modified_gmt":"2014-10-06T10:35:34","slug":"gl-as-d-r-nadezhda-dantcheva","status":"publish","type":"page","link":"https:\/\/ibl.bas.bg\/en\/struktura\/prilozhna-onomastika\/satrudnitsi\/gl-as-d-r-nadezhda-dantcheva\/","title":{"rendered":"Nadezhda Dancheva &#8211; Assist. Prof., Ph.D."},"content":{"rendered":"<p><div class=\"responsive-tabs\">\n<h2 class=\"tabtitle\">General Information<\/h2>\n<div class=\"tabcontent\">\n\n<div class=\"row\">\n<div class=\"four columns\">\n<div class=\"profile-pic\"><img decoding=\"async\" style=\"width: 80%;\" src=\"http:\/\/ibl.bas.bg\/wp-content\/uploads\/2017\/07\/nadejda.png\" alt=\"\" \/><\/div>\n<\/div>\n<div class=\"ten columns\">\n<div class=\"row\">\n<h3>Assistant Professor<\/h3>\n<p><strong><i>Department of Onomastics<\/i><\/strong><\/p>\n<\/div>\n<div class=\"row\">\n<p><strong>Phone<\/strong>:(+359 02) 979-2951<\/p>\n<\/div>\n<div class=\"row\">\n<p><strong>Email<\/strong>: <a href=\"mailto:ndancheva@ibl.bas.bg\">ndancheva@ibl.bas.bg<\/a><\/p>\n<\/div>\n<\/div>\n<\/div>\n<div class=\"row\">\n<h2 style=\"color: #0c6532;\">Research interests:<\/h2>\n<\/div>\n<div class=\"row\">\n<ul>\n<li>Toponymy<\/li>\n<li>Hydronymy<\/li>\n<li>Microtoponymy<\/li>\n<li>Geographical terminology in toponymy<\/li>\n<li>Anthroponymy<\/li>\n<li>Socionomastics<\/li>\n<\/ul>\n<\/div>\n\n<\/div><h2 class=\"tabtitle\">Education and professional experience<\/h2>\n<div class=\"tabcontent\">\n\n<div class=\"row\">\n<h2 style=\"color: #0c6532;\">Education and professional experience<\/h2>\n<\/div>\n<div class=\"row\">\n<p>1995 \u2013 2000: M. A. in Bulgarian Language and Literature (Philology Department), Sofia University \u201cSt. Kliment Ohridski\u201d.<\/p>\n<\/div>\n<div class=\"row\">\n<p>2001 \u2013 2004: M. A. in Intercultural Studies, Philosophy Department, Sofia University \u201cSt. Kliment Ohridski\u201d.<\/p>\n<\/div>\n<div class=\"row\">\n<p>2005 \u2013 2008 \u0433.: Ph.D. Student, Applied Onomastics Department, Institute for Bulgarian Language \u201cProf. L. Andreychin\u201d. PhD Thesis: \u201cDialect Lexis in Bulgarian Microtoponymy from West Bulgaria (with a view to orographical lexis)\u201d.<\/p>\n<\/div>\n<div class=\"row\">\n<p>2008 \u2013 2010: Researcher, Applied Onomastics Department, Institute for Bulgarian Language \u201cProf. L. Andreychin\u201d.<\/p>\n<\/div>\n<div class=\"row\">\n<p>2010 \u2013 2012 \u0433.: Assistant, Ph.D., Applied Onomastics Department, Institute for Bulgarian Language \u201cProf. L. Andreychin\u201d.<\/p>\n<\/div>\n<div class=\"row\">\n<p>2013 \u2013 Assistant Professor., Ph.D., Onomastics Department, Institute for Bulgarian Language \u201cProf. L. Andreychin\u201d.<\/p>\n<\/div>\n\n<\/div><h2 class=\"tabtitle\">Research<\/h2>\n<div class=\"tabcontent\">\n\n<div class=\"row\">\n<h2 style=\"color: #0c6532;\">Research projects<\/h2>\n<\/div>\n<div class=\"row\">\n<p>Toponymy of Western Bulgaria \u2013 evidence of national identity\u201c (2014 \u2013 2017), Institute for Bulgarian Language \u201cProf. L. Andreychin\u201d, Bulgarian Academy of Sciences, member of the research team.<\/p>\n<\/div>\n<div class=\"row\">\n<p>The Thracians \u2013 Genesis and Development of Ethnic Group, Cultural identities, Civilizational Interactions and Heritage from Antiquity (inter-academic and international project with participation of 21 institutes of the Bulgarian Academy of Sciences) (May 2016 \u2013 May 2019).<br \/>\nSubtheme 8: \u201cTraces of the Thracian language in the Bulgarian Onomastics\u201d.<br \/>\nThe project is fundes by a private donation, member of the research team.<\/p>\n<\/div>\n<div class=\"row\">\n<p>Contemporary System of Anthroponyms in Bulgaria (Trends of the Personal Names). Institute for Bulgarian Language \u201cProf. L. Andreychin\u201d, Bulgarian Academy of Sciences, member of the research team<\/p>\n<\/div>\n<div class=\"row\">\n<p>Electronic Database of Microtoponyms in West Bulgaria. Institute for Bulgarian Language \u201cProf. L. Andreychin\u201d, Bulgarian Academy of Sciences, member of the research team.<\/p>\n<\/div>\n<div class=\"row\">\n<p>Electronic Database of Bulgarian Toponymy (21.10.07-21.04.09). Institute for Bulgarian Language \u201cProf. L. Andreychin\u201d, Geographical Institute and Sofia University \u201cSt. Kliment Ohridski\u201d. Finance: Bulgarian Academy of Sciences and Ministry of Education, member of the research team.<\/p>\n<\/div>\n<div class=\"row\">\n<p>Understandable Bulgaria, Institute for Bulgarian Language \u201cProf. L. Andreychin\u201d, Bulgarian Academy of Sciences, member of the research team. In co-operation with the Ministry of State Administration and Administrative Reform.<\/p>\n<\/div>\n<div class=\"row\">\n<p>\u201cElectronic Data-Base of the Standardized Geographical Names in Bulgaria\u201d (2003 \u2013 2005), Institute for Bulgarian Language \u201cProf. L. Andreychin\u201d, Bulgarian Academy of Sciences, member of the research team.<\/p>\n<\/div>\n<div class=\"row\">\n<h2 style=\"color: #0c6532;\">Membership in scientific organizations and research groups<\/h2>\n<\/div>\n<div class=\"row\">\n<p>Academic Society of Onomastics \u201cProf. Yordan Zaimov\u201d, member ( 2012 \u2013 ongoing)<\/p>\n<\/div>\n<div class=\"row\">\n<h2 style=\"color: #0c6532;\">Membership in editorial boards<\/h2>\n<\/div>\n<div class=\"row\">\n<p>Collection of Scientific Papers \u201cResearch horizons of the Bulgarian Linguistigs\u201d, Dedicated of the 90th Anniversary of Prof. Yordan Zaimov Birth (ISBN 978-954-92489-5-1), Institute for Bulgarian Language , Bulgarian Academy of Sciences, Sofia, 2014: member of the editorial board.<\/p>\n<\/div>\n<div class=\"row\">\n<h2 style=\"color: #0c6532;\">Membership in orgnization and programme committees<\/h2>\n<\/div>\n<div class=\"row\">\n<p>National Scientific Conference \u201cResearch horizons of the Bulgarian Linguistigs\u201d, Dedicated of the 90th Anniversary of Prof. Yordan Zaimov Birth, Institute for Bulgarian Language , Bulgarian Academy of Sciences, Sofia, 30. 09. 2011 \u2013 01. 10. 2011 , member of the organizing committee.<\/p>\n<\/div>\n\n<\/div><h2 class=\"tabtitle\">Publications<\/h2>\n<div class=\"tabcontent\">\n\n<div class=\"row\">\n<h2 style=\"color: #0c6532;\">Monographs<\/h2>\n<\/div>\n<div class=\"row\">\n<p>\u0414\u0430\u043d\u0447\u0435\u0432\u0430, \u041d. \u0414\u0438\u0430\u043b\u0435\u043a\u0442\u043d\u0430\u0442\u0430 \u043b\u0435\u043a\u0441\u0438\u043a\u0430 \u0432 \u0431\u044a\u043b\u0433\u0430\u0440\u0441\u043a\u0430\u0442\u0430 \u043c\u0438\u043a\u0440\u043e\u0442\u043e\u043f\u043e\u043d\u0438\u043c\u0438\u044f \u043e\u0442 \u0417\u0430\u043f\u0430\u0434\u043d\u0430 \u0411\u044a\u043b\u0433\u0430\u0440\u0438\u044f (\u0441 \u043e\u0433\u043b\u0435\u0434 \u043d\u0430 \u043e\u0440\u043e\u0433\u0440\u0430\u0444\u0441\u043a\u0430\u0442\u0430 \u043b\u0435\u043a\u0441\u0438\u043a\u0430) [Dialectual Lexis in Bulgarian Microtoponymy of Western Bulgaria (in view of Orographic Lexis)] . \u0410\u0432\u0442\u043e\u0440\u0435\u0444\u0435\u0440\u0430\u0442 \u043d\u0430 \u0434\u0438\u0441\u0435\u0440\u0442\u0430\u0446\u0438\u044f \u0437\u0430 \u043f\u043e\u043b\u0443\u0447\u0430\u0432\u0430\u043d\u0435 \u043d\u0430 \u043e\u0431\u0440\u0430\u0437\u043e\u0432\u0430\u0442\u0435\u043b\u043d\u0430\u0442\u0430 \u0438 \u043d\u0430\u0443\u0447\u043d\u0430 \u0441\u0442\u0435\u043f\u0435\u043d \u201e\u0434\u043e\u043a\u0442\u043e\u0440\u201d. 2010. \u0421\u043e\u0444\u0438\u044f.<\/p>\n<\/div>\n<div class=\"row\">\n<h2 style=\"color: #0c6532;\">Articles in journals<\/h2>\n<\/div>\n<div class=\"row\">\n<p>\u0414\u0430\u043d\u0447\u0435\u0432\u0430, \u041d. \u041e\u0440\u043e\u0433\u0440\u0430\u0444\u0441\u043a\u0438 \u0442\u0435\u0440\u043c\u0438\u043d\u0438 \u0438 \u043c\u0438\u043a\u0440\u043e\u0442\u043e\u043f\u043e\u043d\u0438\u043c\u0438, \u0432\u044a\u0437\u043d\u0438\u043a\u043d\u0430\u043b\u0438 \u043f\u043e \u043f\u044a\u0442\u044f \u043d\u0430 \u043c\u0435\u0442\u0430\u0444\u043e\u0440\u0438\u0447\u0435\u043d \u043f\u0440\u0435\u043d\u043e\u0441 [The Orographic Terms and Microtoponyms Arose in the way of Metaphorical Transfer ]. \u2013 \u0411\u044a\u043b\u0433\u0430\u0440\u0441\u043a\u0438 \u0435\u0437\u0438\u043a 60 (2013), 2, \u0441. 27 \u201342. ISSN 0005-4283.<\/p>\n<\/div>\n<div class=\"row\">\n<p>\u0414\u0430\u043d\u0447\u0435\u0432\u0430, \u041d. \u0420\u0435\u0446\u0435\u043d\u0437\u0438\u044f \u0437\u0430 \u043f\u0440\u043e\u0435\u043a\u0442\u0430 \u201e\u0421\u044a\u0432\u0440\u0435\u043c\u0435\u043d\u043d\u0430\u0442\u0430 \u0431\u044a\u043b\u0433\u0430\u0440\u0441\u043a\u0430 \u0430\u043d\u0442\u0440\u043e\u043f\u043e\u043d\u0438\u043c\u043d\u0430 \u0441\u0438\u0441\u0442\u0435\u043c\u0430\u201c (\u041c\u043e\u0434\u0430 \u043d\u0430 \u043b\u0438\u0447\u043d\u0438\u0442\u0435 \u0438\u043c\u0435\u043d\u0430 \u0432 \u0411\u044a\u043b\u0433\u0430\u0440\u0438\u044f) [A Review of Research on Project \u201cContemporary System of Anthroponyms in Bulgaria (Trends of the Personal Names)\u201d]. \u0421\u0435\u043a\u0446\u0438\u044f \u201e\u041f\u0440\u0438\u043b\u043e\u0436\u043d\u0430 \u043e\u043d\u043e\u043c\u0430\u0441\u0442\u0438\u043a\u0430\u201c, \u0418\u0411\u0415, \u0411\u0410\u041d. \u2013 \u0411\u044a\u043b\u0433\u0430\u0440\u0441\u043a\u0438 \u0435\u0437\u0438\u043a (2013), 3, \u0441. 126 \u2013129. ISSN 0005-4283.<\/p>\n<\/div>\n<div class=\"row\">\n<p>Dancheva, N., Choleva-Dimitrova, A. Project \u201cElectronic Database of Microtoponyms in Western Bulgaria\u201d. \u2013 Linguistique Balkanique L (2011), 1, pp. 19 \u2013 33. ISSN 0324-1653.<\/p>\n<\/div>\n<div class=\"row\">\n<p>\u0414\u0430\u043d\u0447\u0435\u0432\u0430, \u041d., \u0427\u043e\u043b\u0435\u0432\u0430-\u0414\u0438\u043c\u0438\u0442\u0440\u043e\u0432\u0430, \u0410. \u0418\u0437\u0433\u0440\u0430\u0436\u0434\u0430\u043d\u0435 \u043d\u0430 \u0435\u043b\u0435\u043a\u0442\u0440\u043e\u043d\u043d\u0430 \u0431\u0430\u0437\u0430 \u0434\u0430\u043d\u043d\u0438 \u043d\u0430 \u043c\u0438\u043a\u0440\u043e\u0442\u043e\u043f\u043e\u043d\u0438\u043c\u0438\u0442\u0435 \u043e\u0442 \u0417\u0430\u043f\u0430\u0434\u043d\u0430 \u0411\u044a\u043b\u0433\u0430\u0440\u0438\u044f [Development of the Electronic Database of Microtoponyms in Western Bulgaria]. \u2013 \u0411\u044a\u043b\u0433\u0430\u0440\u0441\u043a\u0438 \u0435\u0437\u0438\u043a, \u0413\u043e\u0434. LVII, \u043a\u043d.4, 2011, \u0441. 57 \u201372. ISSN 0005-4283.<\/p>\n<\/div>\n<div class=\"row\">\n<p>\u0414\u0430\u043d\u0447\u0435\u0432\u0430, \u041d., \u0427\u043e\u043b\u0435\u0432\u0430-\u0414\u0438\u043c\u0438\u0442\u0440\u043e\u0432\u0430, \u0410. \u041f\u0440\u043e\u0435\u043a\u0442 \u201e\u0415\u043b\u0435\u043a\u0442\u0440\u043e\u043d\u043d\u0430 \u0431\u0430\u0437\u0430 \u0434\u0430\u043d\u043d\u0438 \u043d\u0430 \u043c\u0438\u043a\u0440\u043e\u0442\u043e\u043f\u043e\u043d\u0438\u043c\u0438\u0442e \u043e\u0442 \u0417\u0430\u043f\u0430\u0434\u043d\u0430 \u0411\u044a\u043b\u0433\u0430\u0440\u0438\u044f\u201c [Project \u201cElectronic Database of Microtoponyms in Western Bulgaria\u201d]. \u0415\u043b\u0435\u043a\u0442\u0440\u043e\u043d\u043d\u043e \u0441\u043f\u0438\u0441\u0430\u043d\u0438\u0435 Littera et Lingua,http:\/\/slav.uni sofia.bg\/lilijournal\/index.php\/bg\/issues\/spring2011, \u0431\u0440\u043e\u0439 \u041f\u0440\u043e\u043b\u0435\u0442 2011.<\/p>\n<\/div>\n<div class=\"row\">\n<p>\u0414\u0430\u043d\u0447\u0435\u0432\u0430, \u041d. The Orographic Terminology in the Microtoponymy of Western Bulgaria. \u2013 Linguistique Balkanique, XLVIII, 3. Sofia, pp. 195 \u2013 211 ISSN 0324-1653.<\/p>\n<\/div>\n<div class=\"row\">\n<h2 style=\"color: #0c6532;\">Conference papers<\/h2>\n<\/div>\n<div class=\"row\">\n<p>\u0414\u0430\u043d\u0447\u0435\u0432\u0430, \u041d. \u0421\u043b\u043e\u0432\u043e\u043e\u0431\u0440\u0430\u0437\u0443\u0432\u0430\u0442\u0435\u043b\u043d\u0438 \u043e\u0441\u043e\u0431\u0435\u043d\u043e\u0441\u0442\u0438 \u043d\u0430 \u043c\u0438\u043a\u0440\u043e\u0442\u043e\u043f\u043e\u043d\u0438\u043c\u0438\u0442\u0435 \u043e\u0442 \u0433\u0435\u043e\u0433\u0440\u0430\u0444\u0441\u043a\u0438 \u0430\u043f\u0435\u043b\u0430\u0442\u0438\u0432\u0438 [Word-formation Characteristics of Microtoponyms from Geographical Lexis]. \u2013 \u0412: \u0418\u0437\u0441\u043b\u0435\u0434\u043e\u0432\u0430\u0442\u0435\u043b\u0441\u043a\u0438 \u0445\u043e\u0440\u0438\u0437\u043e\u043d\u0442\u0438 \u043d\u0430 \u0431\u044a\u043b\u0433\u0430\u0440\u0441\u043a\u0430\u0442\u0430 \u043b\u0438\u043d\u0433\u0432\u0438\u0441\u0442\u0438\u043a\u0430. 30.09.2011- 01.10.2011 \u0433., \u0421\u043e\u0444\u0438\u044f: \u0411\u044a\u043b\u0433\u0430\u0440\u0441\u043a\u0430 \u0430\u043a\u0430\u0434\u0435\u043c\u0438\u044f \u043d\u0430 \u043d\u0430\u0443\u043a\u0438\u0442\u0435, \u0418\u043d\u0441\u0442\u0438\u0442\u0443\u0442 \u0437\u0430 \u0431\u044a\u043b\u0433\u0430\u0440\u0441\u043a\u0438 \u0435\u0437\u0438\u043a \u201e\u041f\u0440\u043e\u0444. \u041b\u044e\u0431\u043e\u043c\u0438\u0440 \u0410\u043d\u0434\u0440\u0435\u0439\u0447\u0438\u043d\u201c, 2014, \u0441. 68 \u201378. ISBN 978-954-92489-5-1.<\/p>\n<\/div>\n<div class=\"row\">\n<p>\u0414\u0430\u043d\u0447\u0435\u0432\u0430, \u041d., \u0427\u043e\u043b\u0435\u0432\u0430-\u0414\u0438\u043c\u0438\u0442\u0440\u043e\u0432\u0430, \u0410. \u041f\u0440\u043e\u0431\u043b\u0435\u043c\u0438 \u0438 \u043f\u0435\u0440\u0441\u043f\u0435\u043a\u0442\u0438\u0432\u0438 \u043f\u0440\u0438 \u0438\u0437\u0433\u0440\u0430\u0436\u0434\u0430\u043d\u0435\u0442\u043e \u043d\u0430 \u0435\u043b\u0435\u043a\u0442\u0440\u043e\u043d\u043d\u0430 \u0431\u0430\u0437\u0430 \u0434\u0430\u043d\u043d\u0438 \u043d\u0430 \u0431\u044a\u043b\u0433\u0430\u0440\u0441\u043a\u0430\u0442\u0430 \u0442\u043e\u043f\u043e\u043d\u0438\u043c\u0438\u044f [Problems and Perspectives of the Development of the Electronic Database of Toponyms in Western Bulgaria]. \u2013 \u0412: \u0418\u0437\u0441\u043b\u0435\u0434\u043e\u0432\u0430\u0442\u0435\u043b\u0441\u043a\u0438 \u0445\u043e\u0440\u0438\u0437\u043e\u043d\u0442\u0438 \u043d\u0430 \u0431\u044a\u043b\u0433\u0430\u0440\u0441\u043a\u0430\u0442\u0430 \u043b\u0438\u043d\u0433\u0432\u0438\u0441\u0442\u0438\u043a\u0430. 30.09.2011- 01.10.2011 \u0433., \u0421\u043e\u0444\u0438\u044f: \u0411\u044a\u043b\u0433\u0430\u0440\u0441\u043a\u0430 \u0430\u043a\u0430\u0434\u0435\u043c\u0438\u044f \u043d\u0430 \u043d\u0430\u0443\u043a\u0438\u0442\u0435, \u0418\u043d\u0441\u0442\u0438\u0442\u0443\u0442 \u0437\u0430 \u0431\u044a\u043b\u0433\u0430\u0440\u0441\u043a\u0438 \u0435\u0437\u0438\u043a \u201e\u041f\u0440\u043e\u0444. \u041b\u044e\u0431\u043e\u043c\u0438\u0440 \u0410\u043d\u0434\u0440\u0435\u0439\u0447\u0438\u043d\u201c, 2014, \u0441. 87 \u2013 100. ISBN 978-954-92489-5-1.<\/p>\n<\/div>\n<div class=\"row\">\n<p>\u0414\u0430\u043d\u0447\u0435\u0432\u0430, \u041d. \u0415\u0434\u0438\u043d \u0430\u0440\u0445\u0430\u0438\u0447\u0435\u043d \u0442\u043e\u043f\u043e\u043d\u0438\u043c\u0435\u043d \u0442\u0438\u043f \u0432 \u0437\u0430\u043f\u0430\u0434\u043d\u043e\u0431\u044a\u043b\u0433\u0430\u0440\u0441\u043a\u0430\u0442\u0430 \u043c\u0438\u043a\u0440\u043e\u0442\u043e\u043f\u043e\u043d\u0438\u043c\u0438\u044f [An Archaic Toponym Type in the Microtoponymy of Western Bulgaria]. \u2013 \u0412: 50 \u0433\u043e\u0434\u0438\u043d\u0438 \u2013 \u0432\u0440\u0430\u0442\u0430 \u043a\u044a\u043c \u043e\u0431\u0440\u0430\u0437\u043e\u0432\u0430\u043d\u0438\u0435\u0442\u043e \u0438 \u043f\u0440\u043e\u0437\u043e\u0440\u0435\u0446 \u043a\u044a\u043c \u0441\u0432\u0435\u0442\u0430, \u043f\u043e \u0441\u043b\u0443\u0447\u0430\u0439 50-\u0433\u043e\u0434\u0438\u0448\u043d\u0438\u043d\u0430\u0442\u0430 \u043d\u0430 \u0414\u0415\u041e-\u0418\u0427\u0421 \u043a\u044a\u043c \u0421\u0423, \u0421\u043e\u0444\u0438\u044f, \u0411\u044a\u043b\u0433\u0430\u0440\u0438\u044f, 14 \u2013 15 \u044e\u043d\u0438 2013 \u0433., \u0441. 264 \u2013 273. ISBN 978-954-07-3610-5.<\/p>\n<\/div>\n<div class=\"row\">\n<p>\u0414\u0430\u043d\u0447\u0435\u0432\u0430, \u041d. \u0417\u0430 \u0441\u0442\u0440\u0443\u043a\u0442\u0443\u0440\u043d\u0438\u0442\u0435 \u0438 \u0441\u043b\u043e\u0432\u043e\u043e\u0431\u0440\u0430\u0437\u0443\u0432\u0430\u0442\u0435\u043b\u043d\u0438\u0442\u0435 \u043e\u0441\u043e\u0431\u0435\u043d\u043e\u0441\u0442\u0438 \u043d\u0430 \u043c\u0438\u043a\u0440\u043e\u0442\u043e\u043f\u043e\u043d\u0438\u043c\u0438\u0442\u0435 [About Strucrural and Word-Formation Characteristics of Microtoponyms]. \u2013 \u0412: \u041d\u0430\u0443\u0447\u043d\u0438 \u0442\u0440\u0443\u0434\u043e\u0432\u0435, \u0424\u0438\u043b\u043e\u043b\u043e\u0433\u0438\u044f. \u0422. 50, \u043a\u043d. 1, \u0441\u0431. \u0412. \u041f\u043b\u043e\u0432\u0434\u0438\u0432, 2012, \u0441. 270 \u2013 292. ISSN 0861-0029.<\/p>\n<\/div>\n<div class=\"row\">\n<p>\u0414\u0430\u043d\u0447\u0435\u0432\u0430, \u041d. \u0413\u0435\u043e\u0433\u0440\u0430\u0444\u0441\u043a\u0430 \u043b\u0435\u043a\u0441\u0438\u043a\u0430 \u0432 \u043c\u0438\u043a\u0440\u043e\u0442\u043e\u043f\u043e\u043d\u0438\u043c\u0438\u044f\u0442\u0430 \u043e\u0442 \u0417\u0430\u043f\u0430\u0434\u043d\u0430 \u0411\u044a\u043b\u0433\u0430\u0440\u0438\u044f [Geographical Lexis in Microtoponymy of Western Bulgaria]. \u2013 \u0412: \u041f\u0430\u0438\u0441\u0438\u0435\u0432\u0438 \u0447\u0435\u0442\u0435\u043d\u0438\u044f, \u041d\u0430\u0443\u0447\u043d\u0438 \u0442\u0440\u0443\u0434\u043e\u0432\u0435 \u043d\u0430 \u041f\u0423, \u0442\u043e\u043c 47, \u043a\u043d. 1, \u0441\u0431. \u0411, 2009, \u0424\u0438\u043b\u043e\u043b\u043e\u0433\u0438\u044f, \u0441. 398 \u2013 414. ISSN 0861-0029.<\/p>\n<\/div>\n<div class=\"row\">\n<p>Kostadinova (Dancheva), N . Geographical Lexis in the Archaic Place-Names of West Bulgaria. \u2013 In: Polyslav 11. Graf, E., Tielemann, N., Zimny, R. (Hrgs.), M\u00fcnchen. (Beitr\u00e4ge der europ\u00e4ischen slavistischen Linguistik 33). 2008, S. 90 \u2013 98.<\/p>\n<\/div>\n<div class=\"row\">\n<p>\u041a\u043e\u0441\u0442\u0430\u0434\u0438\u043d\u043e\u0432\u0430 (\u0414\u0430\u043d\u0447\u0435\u0432\u0430), \u041d. \u0413\u0435\u043e\u0433\u0440\u0430\u0444\u0441\u043a\u0430\u0442\u0430 \u043b\u0435\u043a\u0441\u0438\u043a\u0430 \u0432 \u043e\u043d\u043e\u043c\u0430\u0441\u0442\u0438\u0447\u043d\u0430\u0442\u0430 \u043b\u0438\u0442\u0435\u0440\u0430\u0442\u0443\u0440\u0430 [Geographical Lexis in Onomastic Literature]. \u2013 \u0412: \u0418\u043c\u0435\u0442\u043e \u0432 \u043f\u0430\u043c\u0435\u0442\u0442\u0430 \u043d\u0430 \u0435\u0437\u0438\u043a\u0430. \u0421\u0431\u043e\u0440\u043d\u0438\u043a \u0432 \u043f\u0430\u043c\u0435\u0442 \u043d\u0430 \u043f\u0440\u043e\u0444. \u0411\u043e\u0440\u0438\u0441 \u0421\u0438\u043c\u0435\u043e\u043d\u043e\u0432. \u0421\u044a\u0441\u0442. \u041f. \u0410\u0441\u0435\u043d\u043e\u0432\u0430. \u0421\u043e\u0444\u0438\u044f: \u0418\u0437\u0434. \u201e\u0424\u0438\u0433\u0443\u0440\u0430\u201c, 2008, \u0441. 35 \u2013 46. ISBN 978-954-9985-24-5.<\/p>\n<\/div>\n<div class=\"row\">\n<p>\u041a\u043e\u0441\u0442\u0430\u0434\u0438\u043d\u043e\u0432\u0430 (\u0414\u0430\u043d\u0447\u0435\u0432\u0430), \u041d. \u041d\u0430\u0431\u043b\u044e\u0434\u0435\u043d\u0438\u044f \u043d\u0430\u0434 \u043e\u0440\u043e\u0433\u0440\u0430\u0444\u0441\u043a\u0430\u0442\u0430 \u0442\u0435\u0440\u043c\u0438\u043d\u043e\u043b\u043e\u0433\u0438\u044f \u0437\u0430 \u0438\u0437\u043f\u044a\u043a\u043d\u0430\u043b\u0438 \u0444\u043e\u0440\u043c\u0438 \u0432 \u0431\u0438\u0432\u0448\u0430\u0442\u0430 \u0412\u0440\u0430\u0447\u0430\u043d\u0441\u043a\u0430 \u043e\u043a\u043e\u043b\u0438\u044f [Observation on Orographic Terminology about Convex Shapes in the Former District of Vratsa]. \u2013 \u0412: \u0421\u0431\u043e\u0440\u043d\u0438\u043a \u0434\u043e\u043a\u043b\u0430\u0434\u0438 \u043e\u0442 \u043d\u0430\u0443\u0447\u043d\u0430 \u043a\u043e\u043d\u0444\u0435\u0440\u0435\u043d\u0446\u0438\u044f 2007 \u0437\u0430 \u0441\u0442\u0443\u0434\u0435\u043d\u0442\u0438, \u0434\u043e\u043a\u0442\u043e\u0440\u0430\u043d\u0442\u0438 \u0438 \u043c\u043b\u0430\u0434\u0438 \u043d\u0430\u0443\u0447\u043d\u0438 \u0440\u0430\u0431\u043e\u0442\u043d\u0438\u0446\u0438. \u0422. III: \u0421\u043e\u0446\u0438\u0430\u043b\u043d\u043e-\u0438\u043a\u043e\u043d\u043e\u043c\u0438\u0447\u0435\u0441\u043a\u0438 \u0438 \u0445\u0443\u043c\u0430\u043d\u0438\u0442\u0430\u0440\u043d\u0438 \u043d\u0430\u0443\u043a\u0438. \u041f\u043b\u043e\u0432\u0434\u0438\u0432: \u0418\u0437\u0434. \u201e\u0418\u043c\u0435\u043e\u043d\u201c, 2007, \u0441. 84 \u2013 90. ISBN 978-954-9449-13-6.<\/p>\n<\/div>\n<\/div><\/div>\n<\/p>","protected":false},"excerpt":{"rendered":"<p>Assistant Professor Department of Onomastics Phone:(+359 02) 979-2951 Email: ndancheva@ibl.bas.bg Research interests: Toponymy Hydronymy Microtoponymy Geographical terminology in toponymy Anthroponymy [&hellip;]<\/p>\n","protected":false},"author":2,"featured_media":0,"parent":27513,"menu_order":0,"comment_status":"open","ping_status":"open","template":"","meta":{"_uag_custom_page_level_css":"","site-sidebar-layout":"default","site-content-layout":"","ast-site-content-layout":"default","site-content-style":"default","site-sidebar-style":"default","ast-global-header-display":"","ast-banner-title-visibility":"","ast-main-header-display":"","ast-hfb-above-header-display":"","ast-hfb-below-header-display":"","ast-hfb-mobile-header-display":"","site-post-title":"","ast-breadcrumbs-content":"","ast-featured-img":"","footer-sml-layout":"","theme-transparent-header-meta":"","adv-header-id-meta":"","stick-header-meta":"","header-above-stick-meta":"","header-main-stick-meta":"","header-below-stick-meta":"","astra-migrate-meta-layouts":"default","ast-page-background-enabled":"default","ast-page-background-meta":{"desktop":{"background-color":"var(--ast-global-color-5)","background-image":"","background-repeat":"repeat","background-position":"center center","background-size":"auto","background-attachment":"scroll","background-type":"","background-media":"","overlay-type":"","overlay-color":"","overlay-opacity":"","overlay-gradient":""},"tablet":{"background-color":"","background-image":"","background-repeat":"repeat","background-position":"center center","background-size":"auto","background-attachment":"scroll","background-type":"","background-media":"","overlay-type":"","overlay-color":"","overlay-opacity":"","overlay-gradient":""},"mobile":{"background-color":"","background-image":"","background-repeat":"repeat","background-position":"center center","background-size":"auto","background-attachment":"scroll","background-type":"","background-media":"","overlay-type":"","overlay-color":"","overlay-opacity":"","overlay-gradient":""}},"ast-content-background-meta":{"desktop":{"background-color":"var(--ast-global-color-4)","background-image":"","background-repeat":"repeat","background-position":"center center","background-size":"auto","background-attachment":"scroll","background-type":"","background-media":"","overlay-type":"","overlay-color":"","overlay-opacity":"","overlay-gradient":""},"tablet":{"background-color":"var(--ast-global-color-4)","background-image":"","background-repeat":"repeat","background-position":"center center","background-size":"auto","background-attachment":"scroll","background-type":"","background-media":"","overlay-type":"","overlay-color":"","overlay-opacity":"","overlay-gradient":""},"mobile":{"background-color":"var(--ast-global-color-4)","background-image":"","background-repeat":"repeat","background-position":"center center","background-size":"auto","background-attachment":"scroll","background-type":"","background-media":"","overlay-type":"","overlay-color":"","overlay-opacity":"","overlay-gradient":""}},"footnotes":""},"class_list":["post-1492","page","type-page","status-publish","hentry"],"uagb_featured_image_src":{"full":false,"thumbnail":false,"medium":false,"medium_large":false,"large":false,"1536x1536":false,"2048x2048":false,"catgrid-thumb":false},"uagb_author_info":{"display_name":"ibl2014","author_link":"https:\/\/ibl.bas.bg\/en\/author\/ibl2014\/"},"uagb_comment_info":0,"uagb_excerpt":"Assistant Professor Department of Onomastics Phone:(+359 02) 979-2951 Email: ndancheva@ibl.bas.bg Research interests: Toponymy Hydronymy Microtoponymy Geographical terminology in toponymy Anthroponymy [&hellip;]","_links":{"self":[{"href":"https:\/\/ibl.bas.bg\/en\/wp-json\/wp\/v2\/pages\/1492","targetHints":{"allow":["GET"]}}],"collection":[{"href":"https:\/\/ibl.bas.bg\/en\/wp-json\/wp\/v2\/pages"}],"about":[{"href":"https:\/\/ibl.bas.bg\/en\/wp-json\/wp\/v2\/types\/page"}],"author":[{"embeddable":true,"href":"https:\/\/ibl.bas.bg\/en\/wp-json\/wp\/v2\/users\/2"}],"replies":[{"embeddable":true,"href":"https:\/\/ibl.bas.bg\/en\/wp-json\/wp\/v2\/comments?post=1492"}],"version-history":[{"count":0,"href":"https:\/\/ibl.bas.bg\/en\/wp-json\/wp\/v2\/pages\/1492\/revisions"}],"up":[{"embeddable":true,"href":"https:\/\/ibl.bas.bg\/en\/wp-json\/wp\/v2\/pages\/27513"}],"wp:attachment":[{"href":"https:\/\/ibl.bas.bg\/en\/wp-json\/wp\/v2\/media?parent=1492"}],"curies":[{"name":"wp","href":"https:\/\/api.w.org\/{rel}","templated":true}]}}