{"id":7820,"date":"2017-07-09T20:25:14","date_gmt":"2017-07-09T17:25:14","guid":{"rendered":"http:\/\/ibl.bas.bg\/?page_id=7820"},"modified":"2017-07-09T20:25:14","modified_gmt":"2017-07-09T17:25:14","slug":"as-magdalena-stefanova-abadzhieva","status":"publish","type":"page","link":"https:\/\/ibl.bas.bg\/en\/struktura\/sibe\/satrudnitsi\/as-magdalena-stefanova-abadzhieva\/","title":{"rendered":"Magdalena Stefanova Abadzhieva, Assist. Prof."},"content":{"rendered":"<p><div class=\"responsive-tabs\">\n<h2 class=\"tabtitle\">General Information<\/h2>\n<div class=\"tabcontent\">\n\n<div class=\"row\">\n<div class=\"four columns\">\n<div class=\"profile-pic\" >\n            <img decoding=\"async\" src=\"\/\/ibl.bas.bg\/wp-content\/uploads\/2017\/07\/abadjieva.png\" alt=\"\" style=\"width:80%\">\n        <\/div>\n<\/p><\/div>\n<div class=\"ten columns\">\n<div class=\"row\">\n<h3>Chief Assistant Professor, Ph.D.<\/h3>\n<p><strong>Department for History of Bulgarian Language<\/strong><\/p>\n<\/p><\/div>\n<div class=\"row\">\n<p><strong>Phone<\/strong>:02 979 29 62<\/p>\n<\/p><\/div>\n<div class=\"row\">\n<p><strong>Email<\/strong>: <a href=\"mailto:m.abadzhieva@ibl.bas.bg\">m.abadzhieva@ibl.bas.bg<\/a><\/p>\n<\/p><\/div>\n<\/p><\/div>\n<\/div>\n<div class=\"row\">\n<h2 style=\"color:#0c6532;\">Research interests:<\/h2>\n<\/div>\n<div class=\"row\">\n<ul>\n<li>history of Bulgarian language<\/li>\n<li>Linguistic characteristics in the literature of Bulgarian Catholics<\/li>\n<\/ul>\n<\/div>\n\n<\/div><h2 class=\"tabtitle\">Education and professional experience<\/h2>\n<div class=\"tabcontent\">\n\n<div class=\"row\">\n<h2 style=\"color:#0c6532;\">Education and professional experience<\/h2>\n<\/div>\n<div class=\"row\">\n<p>1997 \u2013 2002: Bachelor in Bulgarian Philology, Faculty of Slavic Studies, St. Kliment Ohridski University of Sofia<\/p>\n<\/div>\n<div class=\"row\">\n<p>2004 \u2013 2006: Master of Marketing, Faculty of Economics, Veliko Tarnovo University &#8220;St. St. Cyril and Methodius &#8220;<\/p>\n<\/div>\n<div class=\"row\">\n<p>2012 \u2013 2015: PhD student, Department of History of the Bulgarian Language, Institute for Bulgarian Language, Bulgarian Academy of Sciences<\/p>\n<\/div>\n<div class=\"row\">\n<p>2015 \u2013 till now: assistant, Department of History of the Bulgarian Language, Institute for Bulgarian Language, Bulgarian Academy of Sciences<\/p>\n<\/div>\n<div class=\"row\">\n<p>2017: PhD degree, Department of History of the Bulgarian Language, Institute for Bulgarian Language, Bulgarian Academy of Sciences<\/p>\n<\/div>\n\n<\/div><h2 class=\"tabtitle\">Research<\/h2>\n<div class=\"tabcontent\">\n\n<div class=\"row\">\n<h2 style=\"color:#0c6532;\">Research projects<\/h2>\n<\/div>\n<div class=\"row\">\n<p>Informatics, Grammar, Lexicography (2012 \u2013 2014), Sofia University, Institute for Bulgarian Language, Bulgarian Academy of Sciences, funded by the European Social Fund and Republic of Bulgaria under the Operative Program \u201cDevelopment of Human Resources\u201c (BG061PO001-3\/ 3.06-0024), member of the research team.<\/p>\n<\/div>\n<div class=\"row\">\n<p>Diastratic Variation in the Lexis of the Old Bulgarian and the Old Romanian Language (2017 \u2013 2019), Institute for Bulgarian Language, Bulgarian Academy of Sciences, Institute of Linguistics, Academy of Sciences of Romania, member of the target audience.<\/p>\n<\/div>\n\n<\/div><h2 class=\"tabtitle\">Publications<\/h2>\n<div class=\"tabcontent\">\n\n<div class=\"row\">\n<h2 style=\"color:#0c6532;\">Chapters in Edited Volumes<\/h2>\n<\/div>\n<div class=\"row\">\n<p>\u0410\u0431\u0430\u0434\u0436\u0438\u0435\u0432\u0430, \u041c. \u0415\u0437\u0438\u043a\u044a\u0442 \u043d\u0430 \u043f\u0430\u0432\u043b\u0438\u043a\u044f\u043d\u0441\u043a\u0430\u0442\u0430 \u043a\u043d\u0438\u0436\u043d\u0438\u043d\u0430 \u043e\u0442 \u0425V\u0406\u0406\u0406 \u0432\u0435\u043a [The Language of 18th-century Paulician Literature]. \u2013 \u0411\u044a\u043b\u0433\u0430\u0440\u0441\u043a\u0438 \u0435\u0437\u0438\u043a, 2013, \u041f\u0440\u0438\u043b\u043e\u0436\u0435\u043d\u0438\u0435, \u0441. 262 \u2013 273. ISSN 0005-4283.<\/p>\n<\/div>\n<div class=\"row\">\n<p>\u0410\u0431\u0430\u0434\u0436\u0438\u0435\u0432\u0430, \u041c. \u041a\u043d\u0438\u0436\u043e\u0432\u0435\u043d \u0435\u0437\u0438\u043a \u043d\u0430 \u043d\u0430\u0440\u043e\u0434\u043d\u0430 \u043e\u0441\u043d\u043e\u0432\u0430 \u043b\u0438 \u0435 \u043f\u0430\u0432\u043b\u0438\u043a\u044f\u043d\u0441\u043a\u0430\u0442\u0430 \u043a\u043d\u0438\u0436\u043d\u0438\u043d\u0430 \u043e\u0442 \u0432\u0442\u043e\u0440\u0430\u0442\u0430 \u043f\u043e\u043b\u043e\u0432\u0438\u043d\u0430 \u043d\u0430 XVIII \u0432. [Is the Language of the Paulician Literature from the Second Half of the 18th Century a Literary Language on a Vernacular Base?] \u2013 Palaeobulgarica, 4, 2014, \u0441. 68 \u2013 79. ISSN 0204-4021.<\/p>\n<\/div>\n<div class=\"row\">\n<p>\u0410\u0431\u0430\u0434\u0436\u0438\u0435\u0432\u0430, \u041c. \u0425\u0440\u0438\u0441\u0442\u0438\u044f\u043d\u0441\u043a\u0430\u0442\u0430 \u043b\u0435\u043a\u0441\u0438\u043a\u0430 \u0432 \u0440\u044a\u043a\u043e\u043f\u0438\u0441 \u2116 778 \u043d\u0430 \u043a\u0430\u0442\u043e\u043b\u0438\u0447\u0435\u0441\u043a\u0438\u044f \u043a\u043d\u0438\u0436\u043e\u0432\u043d\u0438\u043a \u041f\u0435\u0442\u044a\u0440 \u041a\u043e\u0432\u0430\u0447\u0435\u0432 \u0426\u0430\u0440\u0441\u043a\u0438 [The Christian Lexis in Ms. 778 of the Catholic Author Petar Kovachev ]. \u2013 \u0412: \u0418\u043c\u0435 \u0438 \u0441\u0432\u044f\u0442\u043e\u0441\u0442, \u0433\u043e\u0434\u0438\u0448\u043d\u0438\u043a \u043d\u0430 \u0430\u0441\u043e\u0446\u0438\u0430\u0446\u0438\u044f \u201e\u041e\u043d\u0433\u044a\u043b\u201c, \u0442. 13, \u0433\u043e\u0434. IX, 2014. ISSN 1311-493\u0425.<\/p>\n<\/div>\n<div class=\"row\">\n<p>\u0410\u0431\u0430\u0434\u0436\u0438\u0435\u0432\u0430, \u041c. \u041f\u0430\u0432\u043b\u0438\u043a\u044f\u043d\u0441\u043a\u0430\u0442\u0430 \u043a\u043d\u0438\u0436\u043d\u0438\u043d\u0430 \u0438 \u0445\u0430\u0440\u0430\u043a\u0442\u0435\u0440\u043d\u0438\u044f\u0442 \u0437\u0430 \u043f\u0430\u0432\u043b\u0438\u043a\u044f\u043d\u0441\u043a\u0438\u044f \u0433\u043e\u0432\u043e\u0440 \u0444\u043e\u043d\u0435\u043c\u0435\u043d \u043f\u0440\u0435\u0445\u043e\u0434 \u00e8> \u00f9 [The Paulician Literature and the Phonemic Characteristic \u00e8> \u00f9 of the Paulician Vernacular]. \u2013 Littera et Lingua, \u0435\u043b\u0435\u043a\u0442\u0440\u043e\u043d\u043d\u043e \u0441\u043f\u0438\u0441\u0430\u043d\u0438\u0435, \u0442. 11, \u043a\u043d. 1\/2, 2014. ISSN 1312-6172.<\/p>\n<\/div>\n<div class=\"row\">\n<p>\u0410\u0431\u0430\u0434\u0436\u0438\u0435\u0432\u0430, \u041c. \u041f\u0440\u0435\u0434\u043f\u043e\u0441\u0442\u0430\u0432\u043a\u0438 \u0437\u0430 \u0432\u044a\u0437\u043d\u0438\u043a\u0432\u0430\u043d\u0435\u0442\u043e \u043d\u0430 \u043b\u0438\u0442\u0435\u0440\u0430\u0442\u0443\u0440\u0430\u0442\u0430 \u043d\u0430 \u0431\u044a\u043b\u0433\u0430\u0440\u0438\u0442\u0435 \u043a\u0430\u0442\u043e\u043b\u0438\u0446\u0438 \u043d\u0430 \u043d\u043e\u0432\u043e\u0431\u044a\u043b\u0433\u0430\u0440\u0441\u043a\u0438 \u0435\u0437\u0438\u043a \u043f\u0440\u0435\u0437 XVIII \u0432. \u041a\u0430\u0442\u043e\u043b\u0438\u0447\u0435\u0441\u043a\u0430\u0442\u0430 \u043f\u0440\u043e\u043f\u0430\u0433\u0430\u043d\u0434\u0430 \u0441\u0440\u0435\u0434 \u043f\u0430\u0432\u043b\u0438\u043a\u044f\u043d\u0438\u0442\u0435 [Prerequisites for the Emergence of Literature of Bulgarian Catholics in Modern Language in the XVIII Century]. \u2013 \u0412: \u0412\u044f\u0440\u0430 \u0438 \u043a\u0443\u043b\u0442, \u0433\u043e\u0434\u0438\u0448\u043d\u0438\u043a \u043d\u0430 \u0430\u0441\u043e\u0446\u0438\u0430\u0446\u0438\u044f \u201e\u041e\u043d\u0433\u044a\u043b\u201c, \u0442. 15, \u0433\u043e\u0434. XI, 2017, \u0441. 221 \u2013 231. ISSN 1311-43X.<\/p>\n<\/div>\n<div class=\"row\">\n<p>\u0426\u0438\u0431\u0440\u0430\u043d\u0441\u043a\u0430-\u041a\u043e\u0441\u0442\u043e\u0432\u0430, \u041c., M. \u0410\u0431\u0430\u0434\u0436\u0438\u0435\u0432\u0430. \u0417\u0430 \u043b\u0435\u043a\u0441\u0438\u043a\u0430\u0442\u0430 \u0441 \u0447\u0443\u0436\u0434 \u043f\u0440\u043e\u0438\u0437\u0445\u043e\u0434 \u0432 \u043a\u0430\u0442\u043e\u043b\u0438\u0447\u0435\u0441\u043a\u0430\u0442\u0430 \u043a\u043d\u0438\u0436\u043d\u0438\u043d\u0430 \u043e\u0442 XVII\u2013XVIII \u0432\u0435\u043a \/\u043f\u043e \u043c\u0430\u0442\u0435\u0440\u0438\u0430\u043b \u043d\u0430 \u0410\u0431\u0430\u0433\u0430\u0440\u0430 \u043d\u0430 \u0424\u0438\u043b\u0438\u043f \u0421\u0442\u0430\u043d\u0438\u0441\u043b\u0430\u0432\u043e\u0432 \u0438 \u0441\u0431\u043e\u0440\u043d\u0438\u043a \u2116 778 \u041d\u0411\u041a\u041c  \u043d\u0430 \u041f\u0435\u0442\u044a\u0440 \u041a\u043e\u0432\u0430\u0447\u0435\u0432 \u0426\u0430\u0440\u0441\u043a\u0438\/ [On the Vocabulary of Foreign Origin in the Catholic Books of the XVII-XVIII c. \/ on Material of the Abagar by Philip Stanislavov and the Ms. \u2116 778 of the NBKM by Petar Kovachev Tsarski]. \u2013 \u0418\u0437\u0432\u0435\u0441\u0442\u0438\u044f \u043d\u0430 \u0418\u043d\u0441\u0442\u0438\u0442\u0443\u0442\u0430 \u0437\u0430 \u0431\u044a\u043b\u0433\u0430\u0440\u0441\u043a\u0438 \u0435\u0437\u0438\u043a \u201e\u041f\u0440\u043e\u0444. \u041b\u044e\u0431\u043e\u043c\u0438\u0440 \u0410\u043d\u0434\u0440\u0435\u0439\u0447\u0438\u043d\u201c, \u043a\u043d. XXIX, \u0441. 7 \u2013 47. ISSN 0323-9934.<\/p>\n<\/div>\n<div class=\"row\">\n<h2 style=\"color:#0c6532;\">Conference papers<\/h2>\n<\/div>\n<div class=\"row\">\n<p>\u0410\u0431\u0430\u0434\u0436\u0438\u0435\u0432\u0430, \u041c. \u0417\u0430 \u043e\u043f\u0440\u0435\u0434\u0435\u043b\u0435\u043d\u0438\u0435\u0442\u043e \u201e\u043f\u0430\u0432\u043b\u0438\u043a\u044f\u043d\u0441\u043a\u0430 \u043a\u043d\u0438\u0436\u043d\u0438\u043d\u0430\u201c \u0432 \u0431\u044a\u043b\u0433\u0430\u0440\u0441\u043a\u0430\u0442\u0430 \u043b\u0438\u0442\u0435\u0440\u0430\u0442\u0443\u0440\u043d\u0430 \u0438\u0441\u0442\u043e\u0440\u0438\u044f\u201c [On the Definition of &#8220;Paulician Literature&#8221; in the Bulgarian Literary History]. \u2013 \u0412: \u0421\u0431\u043e\u0440\u043d\u0438\u043a \u0434\u043e\u043a\u043b\u0430\u0434\u0438 \u0438 \u043c\u0430\u0442\u0435\u0440\u0438\u0430\u043b\u0438 \u043e\u0442 \u0437\u0430\u043a\u043b\u044e\u0447\u0438\u0442\u0435\u043b\u043d\u0430\u0442\u0430 \u043a\u043e\u043d\u0444\u0435\u0440\u0435\u043d\u0446\u0438\u044f. \u0421\u043e\u0444\u0438\u044f, 29 \u2013 30.06.2015 \u0433., \u0441. 211 \u2013 217. ISBN 978-954-914-773-5.<\/p>\n<\/div>\n<\/div><\/div><\/p>","protected":false},"excerpt":{"rendered":"<p>Chief Assistant Professor, Ph.D. Department for History of Bulgarian Language Phone:02 979 29 62 Email: m.abadzhieva@ibl.bas.bg Research interests: history of [&hellip;]<\/p>\n","protected":false},"author":2,"featured_media":0,"parent":27502,"menu_order":0,"comment_status":"open","ping_status":"closed","template":"","meta":{"_uag_custom_page_level_css":"","site-sidebar-layout":"default","site-content-layout":"","ast-site-content-layout":"default","site-content-style":"default","site-sidebar-style":"default","ast-global-header-display":"","ast-banner-title-visibility":"","ast-main-header-display":"","ast-hfb-above-header-display":"","ast-hfb-below-header-display":"","ast-hfb-mobile-header-display":"","site-post-title":"","ast-breadcrumbs-content":"","ast-featured-img":"","footer-sml-layout":"","theme-transparent-header-meta":"","adv-header-id-meta":"","stick-header-meta":"","header-above-stick-meta":"","header-main-stick-meta":"","header-below-stick-meta":"","astra-migrate-meta-layouts":"default","ast-page-background-enabled":"default","ast-page-background-meta":{"desktop":{"background-color":"var(--ast-global-color-5)","background-image":"","background-repeat":"repeat","background-position":"center center","background-size":"auto","background-attachment":"scroll","background-type":"","background-media":"","overlay-type":"","overlay-color":"","overlay-opacity":"","overlay-gradient":""},"tablet":{"background-color":"","background-image":"","background-repeat":"repeat","background-position":"center center","background-size":"auto","background-attachment":"scroll","background-type":"","background-media":"","overlay-type":"","overlay-color":"","overlay-opacity":"","overlay-gradient":""},"mobile":{"background-color":"","background-image":"","background-repeat":"repeat","background-position":"center center","background-size":"auto","background-attachment":"scroll","background-type":"","background-media":"","overlay-type":"","overlay-color":"","overlay-opacity":"","overlay-gradient":""}},"ast-content-background-meta":{"desktop":{"background-color":"var(--ast-global-color-4)","background-image":"","background-repeat":"repeat","background-position":"center center","background-size":"auto","background-attachment":"scroll","background-type":"","background-media":"","overlay-type":"","overlay-color":"","overlay-opacity":"","overlay-gradient":""},"tablet":{"background-color":"var(--ast-global-color-4)","background-image":"","background-repeat":"repeat","background-position":"center center","background-size":"auto","background-attachment":"scroll","background-type":"","background-media":"","overlay-type":"","overlay-color":"","overlay-opacity":"","overlay-gradient":""},"mobile":{"background-color":"var(--ast-global-color-4)","background-image":"","background-repeat":"repeat","background-position":"center center","background-size":"auto","background-attachment":"scroll","background-type":"","background-media":"","overlay-type":"","overlay-color":"","overlay-opacity":"","overlay-gradient":""}},"footnotes":""},"class_list":["post-7820","page","type-page","status-publish","hentry"],"uagb_featured_image_src":{"full":false,"thumbnail":false,"medium":false,"medium_large":false,"large":false,"1536x1536":false,"2048x2048":false,"catgrid-thumb":false},"uagb_author_info":{"display_name":"ibl2014","author_link":"https:\/\/ibl.bas.bg\/en\/author\/ibl2014\/"},"uagb_comment_info":0,"uagb_excerpt":"Chief Assistant Professor, Ph.D. Department for History of Bulgarian Language Phone:02 979 29 62 Email: m.abadzhieva@ibl.bas.bg Research interests: history of [&hellip;]","_links":{"self":[{"href":"https:\/\/ibl.bas.bg\/en\/wp-json\/wp\/v2\/pages\/7820","targetHints":{"allow":["GET"]}}],"collection":[{"href":"https:\/\/ibl.bas.bg\/en\/wp-json\/wp\/v2\/pages"}],"about":[{"href":"https:\/\/ibl.bas.bg\/en\/wp-json\/wp\/v2\/types\/page"}],"author":[{"embeddable":true,"href":"https:\/\/ibl.bas.bg\/en\/wp-json\/wp\/v2\/users\/2"}],"replies":[{"embeddable":true,"href":"https:\/\/ibl.bas.bg\/en\/wp-json\/wp\/v2\/comments?post=7820"}],"version-history":[{"count":0,"href":"https:\/\/ibl.bas.bg\/en\/wp-json\/wp\/v2\/pages\/7820\/revisions"}],"up":[{"embeddable":true,"href":"https:\/\/ibl.bas.bg\/en\/wp-json\/wp\/v2\/pages\/27502"}],"wp:attachment":[{"href":"https:\/\/ibl.bas.bg\/en\/wp-json\/wp\/v2\/media?parent=7820"}],"curies":[{"name":"wp","href":"https:\/\/api.w.org\/{rel}","templated":true}]}}